{"id":1153,"date":"2022-03-11T08:48:00","date_gmt":"2022-03-11T07:48:00","guid":{"rendered":"http:\/\/tax-advice.incubaliadev.com\/sobre-nosaltres\/"},"modified":"2022-03-14T10:59:06","modified_gmt":"2022-03-14T09:59:06","slug":"sobre-nosaltres","status":"publish","type":"page","link":"https:\/\/www.tax-advice.es\/ca\/sobre-nosaltres\/","title":{"rendered":"Sobre nosaltres"},"content":{"rendered":"\t\t<div data-elementor-type=\"wp-page\" data-elementor-id=\"1153\" class=\"elementor elementor-1153 elementor-481\" data-elementor-settings=\"[]\">\n\t\t\t\t\t\t\t<div class=\"elementor-section-wrap\">\n\t\t\t\t\t\t\t<section class=\"elementor-section elementor-top-section elementor-element elementor-element-9521e7 elementor-section-boxed elementor-section-height-default elementor-section-height-default\" data-id=\"9521e7\" data-element_type=\"section\" data-settings=\"{&quot;background_background&quot;:&quot;gradient&quot;}\">\n\t\t\t\t\t\t\t<div class=\"elementor-background-overlay\"><\/div>\n\t\t\t\t\t\t\t<div class=\"elementor-container elementor-column-gap-default\">\n\t\t\t\t\t<div class=\"elementor-column elementor-col-50 elementor-top-column elementor-element elementor-element-227689e5\" data-id=\"227689e5\" data-element_type=\"column\">\n\t\t\t<div class=\"elementor-widget-wrap\">\n\t\t\t\t\t\t\t\t\t<\/div>\n\t\t<\/div>\n\t\t\t\t<div class=\"elementor-column elementor-col-50 elementor-top-column elementor-element elementor-element-5e21f05a\" data-id=\"5e21f05a\" data-element_type=\"column\">\n\t\t\t<div class=\"elementor-widget-wrap elementor-element-populated\">\n\t\t\t\t\t\t\t\t<div class=\"elementor-element elementor-element-2f647cdf elementor-widget elementor-widget-text-editor\" data-id=\"2f647cdf\" data-element_type=\"widget\" data-widget_type=\"text-editor.default\">\n\t\t\t\t<div class=\"elementor-widget-container\">\n\t\t\t<style>\/*! elementor - v3.5.6 - 28-02-2022 *\/\n.elementor-widget-text-editor.elementor-drop-cap-view-stacked .elementor-drop-cap{background-color:#818a91;color:#fff}.elementor-widget-text-editor.elementor-drop-cap-view-framed .elementor-drop-cap{color:#818a91;border:3px solid;background-color:transparent}.elementor-widget-text-editor:not(.elementor-drop-cap-view-default) .elementor-drop-cap{margin-top:8px}.elementor-widget-text-editor:not(.elementor-drop-cap-view-default) .elementor-drop-cap-letter{width:1em;height:1em}.elementor-widget-text-editor .elementor-drop-cap{float:left;text-align:center;line-height:1;font-size:50px}.elementor-widget-text-editor .elementor-drop-cap-letter{display:inline-block}<\/style>\t\t\t\t<p>SEGURETAT FISCAL PER AL SEU NEGOCI<\/p>\n\t\t\t\t\t\t<\/div>\n\t\t\t\t<\/div>\n\t\t\t\t<div class=\"elementor-element elementor-element-357b3fb8 elementor-widget elementor-widget-heading\" data-id=\"357b3fb8\" data-element_type=\"widget\" data-widget_type=\"heading.default\">\n\t\t\t\t<div class=\"elementor-widget-container\">\n\t\t\t<style>\/*! elementor - v3.5.6 - 28-02-2022 *\/\n.elementor-heading-title{padding:0;margin:0;line-height:1}.elementor-widget-heading .elementor-heading-title[class*=elementor-size-]>a{color:inherit;font-size:inherit;line-height:inherit}.elementor-widget-heading .elementor-heading-title.elementor-size-small{font-size:15px}.elementor-widget-heading .elementor-heading-title.elementor-size-medium{font-size:19px}.elementor-widget-heading .elementor-heading-title.elementor-size-large{font-size:29px}.elementor-widget-heading .elementor-heading-title.elementor-size-xl{font-size:39px}.elementor-widget-heading .elementor-heading-title.elementor-size-xxl{font-size:59px}<\/style><h2 class=\"elementor-heading-title elementor-size-default\">La nostra hist\u00f2ria<\/h2>\t\t<\/div>\n\t\t\t\t<\/div>\n\t\t\t\t<div class=\"elementor-element elementor-element-a70d0d8 elementor-widget elementor-widget-text-editor\" data-id=\"a70d0d8\" data-element_type=\"widget\" data-widget_type=\"text-editor.default\">\n\t\t\t\t<div class=\"elementor-widget-container\">\n\t\t\t\t\t\t\t<p>Simplifiquem la gesti\u00f3 comptable i fiscal de la seva empresa<\/p>\n\t\t\t\t\t\t<\/div>\n\t\t\t\t<\/div>\n\t\t\t\t<div class=\"elementor-element elementor-element-57be251c elementor-align-left elementor-widget elementor-widget-button\" data-id=\"57be251c\" data-element_type=\"widget\" data-widget_type=\"button.default\">\n\t\t\t\t<div class=\"elementor-widget-container\">\n\t\t\t\t\t<div class=\"elementor-button-wrapper\">\n\t\t\t<a href=\"#historia\" class=\"elementor-button-link elementor-button elementor-size-sm elementor-animation-grow\" role=\"button\">\n\t\t\t\t\t\t<span class=\"elementor-button-content-wrapper\">\n\t\t\t\t\t\t<span class=\"elementor-button-text\">Con\u00e8ixer la hist\u00f2ria<\/span>\n\t\t<\/span>\n\t\t\t\t\t<\/a>\n\t\t<\/div>\n\t\t\t\t<\/div>\n\t\t\t\t<\/div>\n\t\t\t\t\t<\/div>\n\t\t<\/div>\n\t\t\t\t\t\t\t<\/div>\n\t\t<\/section>\n\t\t\t\t<section class=\"elementor-section elementor-top-section elementor-element elementor-element-119788c0 elementor-section-boxed elementor-section-height-default elementor-section-height-default\" data-id=\"119788c0\" data-element_type=\"section\" id=\"historia\">\n\t\t\t\t\t\t<div class=\"elementor-container elementor-column-gap-default\">\n\t\t\t\t\t<div class=\"elementor-column elementor-col-100 elementor-top-column elementor-element elementor-element-70e5fe24\" data-id=\"70e5fe24\" data-element_type=\"column\" data-settings=\"{&quot;background_background&quot;:&quot;classic&quot;}\">\n\t\t\t<div class=\"elementor-widget-wrap elementor-element-populated\">\n\t\t\t\t\t\t\t\t<div class=\"elementor-element elementor-element-6dd8d3f1 elementor-widget elementor-widget-text-editor\" data-id=\"6dd8d3f1\" data-element_type=\"widget\" data-widget_type=\"text-editor.default\">\n\t\t\t\t<div class=\"elementor-widget-container\">\n\t\t\t\t\t\t\t<p>AQUESTA \u00c9S LA NOSTRA HIST\u00d2RIA<\/p>\n\t\t\t\t\t\t<\/div>\n\t\t\t\t<\/div>\n\t\t\t\t<div class=\"elementor-element elementor-element-2c31c026 elementor-widget elementor-widget-heading\" data-id=\"2c31c026\" data-element_type=\"widget\" data-widget_type=\"heading.default\">\n\t\t\t\t<div class=\"elementor-widget-container\">\n\t\t\t<h2 class=\"elementor-heading-title elementor-size-default\">Easy Tax Advice<\/h2>\t\t<\/div>\n\t\t\t\t<\/div>\n\t\t\t\t<div class=\"elementor-element elementor-element-41942a83 elementor-widget elementor-widget-text-editor\" data-id=\"41942a83\" data-element_type=\"widget\" data-widget_type=\"text-editor.default\">\n\t\t\t\t<div class=\"elementor-widget-container\">\n\t\t\t\t\t\t\t<p>Easy Tax Advice neix despr\u00e9s de molts anys d&#8217;experi\u00e8ncia dels seus socis fundadors a l&#8217;\u00e0rea de la fiscalitat i la comptabilitat. Viscut el canvi tecnol\u00f2gic que ha patit la nostra societat els darrers vint anys, un dels pilars fonamentals de l&#8217;assessoria \u00e9s la simplificaci\u00f3 de tots els processos empresarials a trav\u00e9s de la implantaci\u00f3 de solucions inform\u00e0tiques.<\/p>\n<p>Tenint en compte el nivell de globalitzaci\u00f3 mundial i l&#8217;impacte de la pand\u00e8mia viscuda durant el 2020 i el 2021, Easy Tax Advice combina l&#8217;experi\u00e8ncia en l&#8217;\u00e0mbit tributari i comptable amb la comunicaci\u00f3 dels clients de manera telem\u00e0tica per poder assessorar tant les empreses ubicades en territori espanyol com als inversors estrangers que tenen interessos ubicats al nostre pa\u00eds.<\/p>\n<p><img loading=\"lazy\" class=\"alignleft wp-image-996 \" src=\"https:\/\/www.tax-advice.es\/wp-content\/uploads\/2022\/03\/pexels-nitin-arya-1029141-1024x683.webp\" alt=\"\" width=\"279\" height=\"186\" srcset=\"https:\/\/www.tax-advice.es\/wp-content\/uploads\/2022\/03\/pexels-nitin-arya-1029141-1024x683.webp 1024w, https:\/\/www.tax-advice.es\/wp-content\/uploads\/2022\/03\/pexels-nitin-arya-1029141-300x200.webp 300w, https:\/\/www.tax-advice.es\/wp-content\/uploads\/2022\/03\/pexels-nitin-arya-1029141-768x512.webp 768w, https:\/\/www.tax-advice.es\/wp-content\/uploads\/2022\/03\/pexels-nitin-arya-1029141-1536x1024.webp 1536w, https:\/\/www.tax-advice.es\/wp-content\/uploads\/2022\/03\/pexels-nitin-arya-1029141-2048x1365.webp 2048w\" sizes=\"(max-width: 279px) 100vw, 279px\" \/><\/p>\n<p>Un sistema \u00e0gil de compartir documents en l\u00ednia, videotrucades i comunicacions usant les noves tecnologies, fan que la deslocalitzaci\u00f3 de l\u2019assessoria sigui un punt fort per poder assessorar a tot el territori &nbsp;<span style=\"font-family: var( --e-global-typography-text-font-family ), Sans-serif; background-color: var( --e-global-color-c729564 ); font-size: 1rem;\">espanyol, i ajuntar experi\u00e8ncia de tots els sectors econ\u00f2mics del nostre pa\u00eds.<\/span><\/p>\n<p><span style=\"font-family: var( --e-global-typography-text-font-family ), Sans-serif; background-color: var( --e-global-color-c729564 ); font-size: 1rem;\">El segon pilar fonamental de la nostra empresa \u00e9s la formaci\u00f3 amb l&#8217;\u00e0mbit tributari. Tots els socis de l&#8217;assessoria s\u00f3n llicenciats en l&#8217;\u00e0mbit econ\u00f2mic, amb un m\u00e0ster en l&#8217;Assessorament i Gesti\u00f3 Tribut\u00e0ria i amb una experi\u00e8ncia superior als deu anys amb l&#8217;assessorament fiscal. No \u00e9s menys important per a nosaltres, la cont\u00ednua formaci\u00f3 en novetats i actualitzacions legals, per tant tant els socis com els nostres col\u00b7laboradors gaudeixen de formaci\u00f3 cont\u00ednua en aquesta mat\u00e8ria.<\/span><\/p>\n<p>Finalment, i no per aquest motiu sent menys important, el nostre tercer pilar a l&#8217;assessoria \u00e9s el propi client, la nostra ra\u00f3 de ser. Proporcionar un tracte proper, amb resolucions de problemes en per\u00edodes curts de temps i explicant-li la problem\u00e0tica fiscal de manera senzilla i plana per facilitar al client la comprensi\u00f3 de problemes complexos, \u00e9s el nostre principal objectiu.<\/p>\n<p>Easy Tax Advice est\u00e0 concebuda per simplificar les tasques fiscals i comptables dels seus clients, d&#8217;una forma professional i usant els sistemes tecnol\u00f2gics m\u00e9s avan\u00e7ats per dur a terme les tasques encomanades de forma eficient en temps i forma.<\/p>\n\t\t\t\t\t\t<\/div>\n\t\t\t\t<\/div>\n\t\t\t\t\t<\/div>\n\t\t<\/div>\n\t\t\t\t\t\t\t<\/div>\n\t\t<\/section>\n\t\t\t\t<section class=\"elementor-section elementor-top-section elementor-element elementor-element-1c56a0bc elementor-hidden-desktop elementor-hidden-tablet elementor-hidden-mobile elementor-section-boxed elementor-section-height-default elementor-section-height-default\" data-id=\"1c56a0bc\" data-element_type=\"section\" id=\"team\">\n\t\t\t\t\t\t<div class=\"elementor-container elementor-column-gap-default\">\n\t\t\t\t\t<div class=\"elementor-column elementor-col-100 elementor-top-column elementor-element elementor-element-260dd618\" data-id=\"260dd618\" data-element_type=\"column\">\n\t\t\t<div class=\"elementor-widget-wrap elementor-element-populated\">\n\t\t\t\t\t\t\t\t<div class=\"elementor-element elementor-element-c3dbd66 elementor-widget elementor-widget-text-editor\" data-id=\"c3dbd66\" data-element_type=\"widget\" data-widget_type=\"text-editor.default\">\n\t\t\t\t<div class=\"elementor-widget-container\">\n\t\t\t\t\t\t\t<p>DEFINIR EN UNA PARAULA<\/p>\n\t\t\t\t\t\t<\/div>\n\t\t\t\t<\/div>\n\t\t\t\t<div class=\"elementor-element elementor-element-7ccbc1e9 elementor-widget elementor-widget-heading\" data-id=\"7ccbc1e9\" data-element_type=\"widget\" data-widget_type=\"heading.default\">\n\t\t\t\t<div class=\"elementor-widget-container\">\n\t\t\t<h2 class=\"elementor-heading-title elementor-size-default\">L'equip<\/h2>\t\t<\/div>\n\t\t\t\t<\/div>\n\t\t\t\t\t<\/div>\n\t\t<\/div>\n\t\t\t\t\t\t\t<\/div>\n\t\t<\/section>\n\t\t\t\t<section class=\"elementor-section elementor-top-section elementor-element elementor-element-483d77c0 elementor-hidden-desktop elementor-hidden-tablet elementor-hidden-mobile elementor-section-boxed elementor-section-height-default elementor-section-height-default\" data-id=\"483d77c0\" data-element_type=\"section\">\n\t\t\t\t\t\t<div class=\"elementor-container elementor-column-gap-default\">\n\t\t\t\t\t<div class=\"elementor-column elementor-col-25 elementor-top-column elementor-element elementor-element-4ab6b315\" data-id=\"4ab6b315\" data-element_type=\"column\">\n\t\t\t<div class=\"elementor-widget-wrap elementor-element-populated\">\n\t\t\t\t\t\t\t\t<div class=\"elementor-element elementor-element-57fd52a8 elementor-position-top elementor-vertical-align-top elementor-widget elementor-widget-image-box\" data-id=\"57fd52a8\" data-element_type=\"widget\" data-widget_type=\"image-box.default\">\n\t\t\t\t<div class=\"elementor-widget-container\">\n\t\t\t<style>\/*! elementor - v3.5.6 - 28-02-2022 *\/\n.elementor-widget-image-box .elementor-image-box-content{width:100%}@media (min-width:768px){.elementor-widget-image-box.elementor-position-left .elementor-image-box-wrapper,.elementor-widget-image-box.elementor-position-right .elementor-image-box-wrapper{display:-webkit-box;display:-ms-flexbox;display:flex}.elementor-widget-image-box.elementor-position-right .elementor-image-box-wrapper{text-align:right;-webkit-box-orient:horizontal;-webkit-box-direction:reverse;-ms-flex-direction:row-reverse;flex-direction:row-reverse}.elementor-widget-image-box.elementor-position-left .elementor-image-box-wrapper{text-align:left;-webkit-box-orient:horizontal;-webkit-box-direction:normal;-ms-flex-direction:row;flex-direction:row}.elementor-widget-image-box.elementor-position-top .elementor-image-box-img{margin:auto}.elementor-widget-image-box.elementor-vertical-align-top .elementor-image-box-wrapper{-webkit-box-align:start;-ms-flex-align:start;align-items:flex-start}.elementor-widget-image-box.elementor-vertical-align-middle .elementor-image-box-wrapper{-webkit-box-align:center;-ms-flex-align:center;align-items:center}.elementor-widget-image-box.elementor-vertical-align-bottom .elementor-image-box-wrapper{-webkit-box-align:end;-ms-flex-align:end;align-items:flex-end}}@media (max-width:767px){.elementor-widget-image-box .elementor-image-box-img{margin-left:auto!important;margin-right:auto!important;margin-bottom:15px}}.elementor-widget-image-box .elementor-image-box-img{display:inline-block}.elementor-widget-image-box .elementor-image-box-title a{color:inherit}.elementor-widget-image-box .elementor-image-box-wrapper{text-align:center}.elementor-widget-image-box .elementor-image-box-description{margin:0}<\/style><div class=\"elementor-image-box-wrapper\"><div class=\"elementor-image-box-content\"><h3 class=\"elementor-image-box-title\"><a href=\"https:\/\/www.linkedin.com\/in\/enric-ginovart-moncl%C3%BAs-49885518\/\" target=\"_blank\" rel=\"noopener\">Nom<\/a><\/h3><p class=\"elementor-image-box-description\">C\u00e0rrec<\/p><\/div><\/div>\t\t<\/div>\n\t\t\t\t<\/div>\n\t\t\t\t\t<\/div>\n\t\t<\/div>\n\t\t\t\t<div class=\"elementor-column elementor-col-25 elementor-top-column elementor-element elementor-element-207ce510\" data-id=\"207ce510\" data-element_type=\"column\">\n\t\t\t<div class=\"elementor-widget-wrap elementor-element-populated\">\n\t\t\t\t\t\t\t\t<div class=\"elementor-element elementor-element-2e581084 elementor-position-top elementor-vertical-align-top elementor-widget elementor-widget-image-box\" data-id=\"2e581084\" data-element_type=\"widget\" data-widget_type=\"image-box.default\">\n\t\t\t\t<div class=\"elementor-widget-container\">\n\t\t\t<div class=\"elementor-image-box-wrapper\"><div class=\"elementor-image-box-content\"><h3 class=\"elementor-image-box-title\">Nom<\/h3><p class=\"elementor-image-box-description\">CTO<\/p><\/div><\/div>\t\t<\/div>\n\t\t\t\t<\/div>\n\t\t\t\t\t<\/div>\n\t\t<\/div>\n\t\t\t\t<div class=\"elementor-column elementor-col-25 elementor-top-column elementor-element elementor-element-4b35a115\" data-id=\"4b35a115\" data-element_type=\"column\">\n\t\t\t<div class=\"elementor-widget-wrap elementor-element-populated\">\n\t\t\t\t\t\t\t\t<div class=\"elementor-element elementor-element-6f82a188 elementor-position-top elementor-vertical-align-top elementor-widget elementor-widget-image-box\" data-id=\"6f82a188\" data-element_type=\"widget\" data-widget_type=\"image-box.default\">\n\t\t\t\t<div class=\"elementor-widget-container\">\n\t\t\t<div class=\"elementor-image-box-wrapper\"><div class=\"elementor-image-box-content\"><h3 class=\"elementor-image-box-title\"><a href=\"https:\/\/www.linkedin.com\/in\/jordi-ruiz-puig\/\" target=\"_blank\" rel=\"noopener\">Nom<\/a><\/h3><p class=\"elementor-image-box-description\">C\u00e0rrec<\/p><\/div><\/div>\t\t<\/div>\n\t\t\t\t<\/div>\n\t\t\t\t\t<\/div>\n\t\t<\/div>\n\t\t\t\t<div class=\"elementor-column elementor-col-25 elementor-top-column elementor-element elementor-element-4441eb12\" data-id=\"4441eb12\" data-element_type=\"column\">\n\t\t\t<div class=\"elementor-widget-wrap elementor-element-populated\">\n\t\t\t\t\t\t\t\t<div class=\"elementor-element elementor-element-4e5f704e elementor-position-top elementor-vertical-align-top elementor-widget elementor-widget-image-box\" data-id=\"4e5f704e\" data-element_type=\"widget\" data-widget_type=\"image-box.default\">\n\t\t\t\t<div class=\"elementor-widget-container\">\n\t\t\t<div class=\"elementor-image-box-wrapper\"><div class=\"elementor-image-box-content\"><h3 class=\"elementor-image-box-title\"><a href=\"https:\/\/www.linkedin.com\/in\/josep-cid-ari%C3%B1o-4a405b161\/\" target=\"_blank\" rel=\"noopener\">Nom<\/a><\/h3><p class=\"elementor-image-box-description\">C\u00e0rrec<\/p><\/div><\/div>\t\t<\/div>\n\t\t\t\t<\/div>\n\t\t\t\t\t<\/div>\n\t\t<\/div>\n\t\t\t\t\t\t\t<\/div>\n\t\t<\/section>\n\t\t\t\t\t\t<\/div>\n\t\t\t\t\t<\/div>\n\t\t","protected":false},"excerpt":{"rendered":"<p>SEGURETAT FISCAL PER AL SEU NEGOCI La nostra hist\u00f2ria Simplifiquem la gesti\u00f3 comptable i fiscal de la seva empresa Con\u00e8ixer la hist\u00f2ria AQUESTA \u00c9S LA NOSTRA HIST\u00d2RIA Easy Tax Advice Easy Tax Advice neix despr\u00e9s de molts anys d&#8217;experi\u00e8ncia dels seus socis fundadors a l&#8217;\u00e0rea de la fiscalitat i la comptabilitat. Viscut el canvi tecnol\u00f2gic [&hellip;]<\/p>\n","protected":false},"author":1,"featured_media":0,"parent":0,"menu_order":0,"comment_status":"closed","ping_status":"closed","template":"elementor_header_footer","meta":[],"acf":[],"_links":{"self":[{"href":"https:\/\/www.tax-advice.es\/ca\/wp-json\/wp\/v2\/pages\/1153"}],"collection":[{"href":"https:\/\/www.tax-advice.es\/ca\/wp-json\/wp\/v2\/pages"}],"about":[{"href":"https:\/\/www.tax-advice.es\/ca\/wp-json\/wp\/v2\/types\/page"}],"author":[{"embeddable":true,"href":"https:\/\/www.tax-advice.es\/ca\/wp-json\/wp\/v2\/users\/1"}],"replies":[{"embeddable":true,"href":"https:\/\/www.tax-advice.es\/ca\/wp-json\/wp\/v2\/comments?post=1153"}],"version-history":[{"count":14,"href":"https:\/\/www.tax-advice.es\/ca\/wp-json\/wp\/v2\/pages\/1153\/revisions"}],"predecessor-version":[{"id":1529,"href":"https:\/\/www.tax-advice.es\/ca\/wp-json\/wp\/v2\/pages\/1153\/revisions\/1529"}],"wp:attachment":[{"href":"https:\/\/www.tax-advice.es\/ca\/wp-json\/wp\/v2\/media?parent=1153"}],"curies":[{"name":"wp","href":"https:\/\/api.w.org\/{rel}","templated":true}]}}